{"id":3578,"date":"2016-07-16T06:42:40","date_gmt":"2016-07-16T06:42:40","guid":{"rendered":"https:\/\/bernsstaats.de\/?page_id=3578"},"modified":"2021-07-21T08:26:10","modified_gmt":"2021-07-21T08:26:10","slug":"ueber-mich","status":"publish","type":"page","link":"https:\/\/berndstaats.de\/?page_id=3578","title":{"rendered":"\u00dcber mich"},"content":{"rendered":"\t\t<div data-elementor-type=\"wp-post\" data-elementor-id=\"3578\" class=\"elementor elementor-3578\">\n\t\t\t\t\t\t<div class=\"elementor-inner\">\n\t\t\t\t<div class=\"elementor-section-wrap\">\n\t\t\t\t\t\t\t\t\t<section class=\"elementor-section elementor-top-section elementor-element elementor-element-hyn5i7q elementor-section-boxed elementor-section-height-default elementor-section-height-default\" data-id=\"hyn5i7q\" data-element_type=\"section\">\n\t\t\t\t\t\t<div class=\"elementor-container elementor-column-gap-default\">\n\t\t\t\t\t\t\t<div class=\"elementor-row\">\n\t\t\t\t\t<div class=\"elementor-column elementor-col-100 elementor-top-column elementor-element elementor-element-ovnasys\" data-id=\"ovnasys\" data-element_type=\"column\">\n\t\t\t<div class=\"elementor-column-wrap elementor-element-populated\">\n\t\t\t\t\t\t\t<div class=\"elementor-widget-wrap\">\n\t\t\t\t\t\t<div class=\"elementor-element elementor-element-nyzry16 elementor-widget elementor-widget-heading\" data-id=\"nyzry16\" data-element_type=\"widget\" data-widget_type=\"heading.default\">\n\t\t\t\t<div class=\"elementor-widget-container\">\n\t\t\t<h2 class=\"elementor-heading-title elementor-size-large\">\u00dcber mich<\/h2>\t\t<\/div>\n\t\t\t\t<\/div>\n\t\t\t\t\t\t<\/div>\n\t\t\t\t\t<\/div>\n\t\t<\/div>\n\t\t\t\t\t\t\t\t<\/div>\n\t\t\t\t\t<\/div>\n\t\t<\/section>\n\t\t\t\t<section class=\"elementor-section elementor-top-section elementor-element elementor-element-pklmoq1 elementor-section-boxed elementor-section-height-default elementor-section-height-default\" data-id=\"pklmoq1\" data-element_type=\"section\">\n\t\t\t\t\t\t<div class=\"elementor-container elementor-column-gap-default\">\n\t\t\t\t\t\t\t<div class=\"elementor-row\">\n\t\t\t\t\t<div class=\"elementor-column elementor-col-33 elementor-top-column elementor-element elementor-element-unk4c36\" data-id=\"unk4c36\" data-element_type=\"column\">\n\t\t\t<div class=\"elementor-column-wrap elementor-element-populated\">\n\t\t\t\t\t\t\t<div class=\"elementor-widget-wrap\">\n\t\t\t\t\t\t<div class=\"elementor-element elementor-element-9zkxzbw elementor-invisible elementor-widget elementor-widget-image\" data-id=\"9zkxzbw\" data-element_type=\"widget\" data-settings=\"{&quot;_animation&quot;:&quot;zoomIn&quot;}\" data-widget_type=\"image.default\">\n\t\t\t\t<div class=\"elementor-widget-container\">\n\t\t\t\t\t\t\t\t<div class=\"elementor-image\">\n\t\t\t\t\t\t\t\t\t\t\t\t<img loading=\"lazy\" decoding=\"async\" width=\"992\" height=\"709\" src=\"https:\/\/berndstaats.de\/wp-content\/uploads\/2016\/07\/A-1_druck.jpg\" class=\"attachment-full size-full\" alt=\"\" srcset=\"https:\/\/berndstaats.de\/wp-content\/uploads\/2016\/07\/A-1_druck.jpg 992w, https:\/\/berndstaats.de\/wp-content\/uploads\/2016\/07\/A-1_druck-300x214.jpg 300w, https:\/\/berndstaats.de\/wp-content\/uploads\/2016\/07\/A-1_druck-768x549.jpg 768w\" sizes=\"auto, (max-width: 992px) 100vw, 992px\" \/>\t\t\t\t\t\t\t\t\t\t\t\t\t\t<\/div>\n\t\t\t\t\t\t<\/div>\n\t\t\t\t<\/div>\n\t\t\t\t\t\t<\/div>\n\t\t\t\t\t<\/div>\n\t\t<\/div>\n\t\t\t\t<div class=\"elementor-column elementor-col-66 elementor-top-column elementor-element elementor-element-ja625fw\" data-id=\"ja625fw\" data-element_type=\"column\">\n\t\t\t<div class=\"elementor-column-wrap elementor-element-populated\">\n\t\t\t\t\t\t\t<div class=\"elementor-widget-wrap\">\n\t\t\t\t\t\t<div class=\"elementor-element elementor-element-2le6c28 elementor-invisible elementor-widget elementor-widget-text-editor\" data-id=\"2le6c28\" data-element_type=\"widget\" data-settings=\"{&quot;_animation&quot;:&quot;slideInUp&quot;}\" data-widget_type=\"text-editor.default\">\n\t\t\t\t<div class=\"elementor-widget-container\">\n\t\t\t\t\t\t\t\t<div class=\"elementor-text-editor elementor-clearfix\">\n\t\t\t\t<p><strong>Mein Name ist Bernd Staats.<\/strong><\/p><p>Ich lebe und arbeite im nordwestlichen Ausl\u00e4ufer des Duisburger Stadtgebietes direkt am Rhein, im Ortsteil Baerl. Damit kann ich mich gleicherma\u00dfen als Niederrheiner und Ruhrgebietler bezeichnen.<\/p><p>Von hier aus betreibe ich das Sachverst\u00e4ndigen- und Ingenieurb\u00fcro Dipl.-Ing. Bernd Staats, welches\u00a0 ich im August 2016 gegr\u00fcndet habe. Damit konnte ich mir den lang gehegten Wunsch erf\u00fcllen mich selbstst\u00e4ndig und eigenverantwortlich mit den Bereichen befassen zu k\u00f6nnen, die mir beruflich grunds\u00e4tzlich am Herzen liegen.<\/p><p>Insbesondere stehen dabei Anforderungen im Vordergrund, die im Bereich des Sanit\u00e4r-Heizung und Klima-Handwerks immer komplexer und umfangreicher werden.<\/p><p><strong>Akademischer Grad:<\/strong><\/p><p>Diplom-Ingenieur der Versorgungstechnik<\/p><p><strong>Ausbildung und Beruf:<\/strong><\/p><p><span style=\"color: #808080;\">Seit Januar 2018 anerkannter Gutachter der DIN CERTCO f\u00fcr die Sachverst\u00e4ndigenpr\u00fcfung nach VDI\/BTGA\/ZVSHK 6023-2.<\/span><\/p><p>Bestellung zum Fachpr\u00fcfer nach \u00a7 58 AwSV (Verordnung \u00fcber Anlagen zum Umgang mit wassergef\u00e4hrdenden Stoffen, hier Heiz\u00f6lverbraucheranlagen) im September 2017, durch die \u00dcberwachungsgemeinschaft Technische Anlagen der SHK-Handwerke e.V..<\/p><p><span style=\"color: #808080;\">Bestellung und Vereidigung zum &#8222;\u00f6ffentlich bestellten und vereidigten Sachverst\u00e4ndigen&#8220; durch die Handwerkskammer D\u00fcsseldorf f\u00fcr das Installateur und Heizungsbauerhandwerk im Juni 2016.<\/span><\/p><p><span style=\"color: #808080;\">Bis zu meinem Entschluss mich 2016 selbstst\u00e4ndig zu machen, war ich seit 2002 f\u00fcr den Fachverband Sanit\u00e4r Heizung Klima Nordrhein Westfalen in D\u00fcsseldorf als technischer Berater t\u00e4tig. Ich war dort vorrangig zust\u00e4ndig f\u00fcr die Fachgebiete Sanit\u00e4r- und Klempnertechnik sowie f\u00fcr den Bereich der Heiz\u00f6l-Installation. Au\u00dferdem war ich Ansprechpartner f\u00fcr die Themenbereiche Berufsgenossenschaft (Unfallverh\u00fctung, Arbeitssicherheit\/Arbeitsschutz, etc.) Wasseraufbereitung und Wassernachbehandlung. <\/span><\/p><p><span style=\"color: #808080;\">Die Aufgaben als Landesstellenleiter der <em>\u00dcberwachungsgemeinschaft Technische Anlagen der SHK-Handwerke e.V.<\/em> (\u00dcWG) NRW \u00fcbernahm ich beim Fachverband ab 2004.<\/span><\/p><p><span style=\"color: #808080;\">Bei der SWK Stadtwerke Krefeld AG war ich in der Zeit von 2000 bis 2002 als <em>Key-Account-Manager<\/em> besch\u00e4ftigt.<\/span><\/p><p><span style=\"color: #808080;\">Als Bereichsleiter <em>Technische Geb\u00e4udeausr\u00fcstung<\/em> war ich in 1999 bei der KTB Beratungs- und Planungsgesellschaft mbH in Oberhausen t\u00e4tig.<\/span><\/p><p><span style=\"color: #808080;\">Meine erste Vollanstellung als Dipl.-Ing. nach dem Studium, nahm ich 1996 an der Ruhr-Universit\u00e4t Bochum als wissenschaftlicher Mitarbeiter in einem EU-Projekt an.<\/span><\/p><p><span style=\"color: #808080;\">Das Studium der Versorgungtechnik habe ich 1995 an der Fachhochschule Gelsenkirchen (heute: Westf\u00e4lische Hochschule) erfolgreich beendet.<\/span><\/p><p><span style=\"color: #808080;\">Nach meiner handwerklichen Ausbildung zum Schornsteinfegergesellen, und der im Anschluss erworbenen Fachholschulreife, hatte ich Gelegenheit in verschiedenen Praktika und weiteren Besch\u00e4ftigungsverh\u00e4ltnissen u.a. das SHK-Handwerk sowie Schlossert\u00e4tigkeiten in der Stahlindustrie kennen zu lernen.<\/span><\/p>\t\t\t\t\t<\/div>\n\t\t\t\t\t\t<\/div>\n\t\t\t\t<\/div>\n\t\t\t\t\t\t<\/div>\n\t\t\t\t\t<\/div>\n\t\t<\/div>\n\t\t\t\t\t\t\t\t<\/div>\n\t\t\t\t\t<\/div>\n\t\t<\/section>\n\t\t\t\t<section class=\"elementor-section elementor-top-section elementor-element elementor-element-c01b3f1 elementor-section-boxed elementor-section-height-default elementor-section-height-default\" data-id=\"c01b3f1\" data-element_type=\"section\">\n\t\t\t\t\t\t<div class=\"elementor-container elementor-column-gap-default\">\n\t\t\t\t\t\t\t<div class=\"elementor-row\">\n\t\t\t\t\t<div class=\"elementor-column elementor-col-100 elementor-top-column elementor-element elementor-element-19fc1d5\" data-id=\"19fc1d5\" data-element_type=\"column\">\n\t\t\t<div class=\"elementor-column-wrap elementor-element-populated\">\n\t\t\t\t\t\t\t<div class=\"elementor-widget-wrap\">\n\t\t\t\t\t\t<div class=\"elementor-element elementor-element-bab5a7b elementor-widget elementor-widget-spacer\" data-id=\"bab5a7b\" data-element_type=\"widget\" data-widget_type=\"spacer.default\">\n\t\t\t\t<div class=\"elementor-widget-container\">\n\t\t\t\t\t<div class=\"elementor-spacer\">\n\t\t\t<div class=\"elementor-spacer-inner\"><\/div>\n\t\t<\/div>\n\t\t\t\t<\/div>\n\t\t\t\t<\/div>\n\t\t\t\t<div class=\"elementor-element elementor-element-b5760b5 elementor-widget elementor-widget-heading\" data-id=\"b5760b5\" data-element_type=\"widget\" data-widget_type=\"heading.default\">\n\t\t\t\t<div class=\"elementor-widget-container\">\n\t\t\t<h2 class=\"elementor-heading-title elementor-size-large\">Qualifikationen und Zertifikate<\/h2>\t\t<\/div>\n\t\t\t\t<\/div>\n\t\t\t\t<div class=\"elementor-element elementor-element-127d41f gallery-spacing-custom elementor-invisible elementor-widget elementor-widget-image-gallery\" data-id=\"127d41f\" data-element_type=\"widget\" data-settings=\"{&quot;_animation&quot;:&quot;fadeInUp&quot;}\" data-widget_type=\"image-gallery.default\">\n\t\t\t\t<div class=\"elementor-widget-container\">\n\t\t\t\t\t<div class=\"elementor-image-gallery\">\n\t\t\t\n\t\t<style type=\"text\/css\">\n\t\t\t#gallery-1 {\n\t\t\t\tmargin: auto;\n\t\t\t}\n\t\t\t#gallery-1 .gallery-item {\n\t\t\t\tfloat: left;\n\t\t\t\tmargin-top: 10px;\n\t\t\t\ttext-align: center;\n\t\t\t\twidth: 25%;\n\t\t\t}\n\t\t\t#gallery-1 img {\n\t\t\t\tborder: 2px solid #cfcfcf;\n\t\t\t}\n\t\t\t#gallery-1 .gallery-caption {\n\t\t\t\tmargin-left: 0;\n\t\t\t}\n\t\t\t\/* see gallery_shortcode() in wp-includes\/media.php *\/\n\t\t<\/style>\n\t\t<div id='gallery-1' class='gallery galleryid-3578 gallery-columns-4 gallery-size-medium'><dl class='gallery-item'>\n\t\t\t<dt class='gallery-icon portrait'>\n\t\t\t\t<a data-elementor-open-lightbox=\"yes\" data-elementor-lightbox-slideshow=\"127d41f\" data-elementor-lightbox-title=\"Urkunde1neu\" e-action-hash=\"#elementor-action%3Aaction%3Dlightbox%26settings%3DeyJpZCI6Mzg1MywidXJsIjoiaHR0cHM6XC9cL2Jlcm5kc3RhYXRzLmRlXC93cC1jb250ZW50XC91cGxvYWRzXC8yMDE4XC8xMFwvVXJrdW5kZTFuZXUucG5nIiwic2xpZGVzaG93IjoiMTI3ZDQxZiJ9\" href='https:\/\/berndstaats.de\/wp-content\/uploads\/2018\/10\/Urkunde1neu.png'><img loading=\"lazy\" decoding=\"async\" width=\"211\" height=\"300\" src=\"https:\/\/berndstaats.de\/wp-content\/uploads\/2018\/10\/Urkunde1neu-211x300.png\" class=\"attachment-medium size-medium\" alt=\"\" srcset=\"https:\/\/berndstaats.de\/wp-content\/uploads\/2018\/10\/Urkunde1neu-211x300.png 211w, https:\/\/berndstaats.de\/wp-content\/uploads\/2018\/10\/Urkunde1neu.png 626w\" sizes=\"auto, (max-width: 211px) 100vw, 211px\" \/><\/a>\n\t\t\t<\/dt><\/dl><dl class='gallery-item'>\n\t\t\t<dt class='gallery-icon portrait'>\n\t\t\t\t<a data-elementor-open-lightbox=\"yes\" data-elementor-lightbox-slideshow=\"127d41f\" data-elementor-lightbox-title=\"Urkunde1_2\" e-action-hash=\"#elementor-action%3Aaction%3Dlightbox%26settings%3DeyJpZCI6Mzc5OCwidXJsIjoiaHR0cHM6XC9cL2Jlcm5kc3RhYXRzLmRlXC93cC1jb250ZW50XC91cGxvYWRzXC8yMDE4XC8wMlwvVXJrdW5kZTFfMi5wbmciLCJzbGlkZXNob3ciOiIxMjdkNDFmIn0%3D\" href='https:\/\/berndstaats.de\/wp-content\/uploads\/2018\/02\/Urkunde1_2.png'><img loading=\"lazy\" decoding=\"async\" width=\"211\" height=\"300\" src=\"https:\/\/berndstaats.de\/wp-content\/uploads\/2018\/02\/Urkunde1_2-211x300.png\" class=\"attachment-medium size-medium\" alt=\"\" srcset=\"https:\/\/berndstaats.de\/wp-content\/uploads\/2018\/02\/Urkunde1_2-211x300.png 211w, https:\/\/berndstaats.de\/wp-content\/uploads\/2018\/02\/Urkunde1_2.png 626w\" sizes=\"auto, (max-width: 211px) 100vw, 211px\" \/><\/a>\n\t\t\t<\/dt><\/dl><dl class='gallery-item'>\n\t\t\t<dt class='gallery-icon portrait'>\n\t\t\t\t<a data-elementor-open-lightbox=\"yes\" data-elementor-lightbox-slideshow=\"127d41f\" data-elementor-lightbox-title=\"urkunde2\" e-action-hash=\"#elementor-action%3Aaction%3Dlightbox%26settings%3DeyJpZCI6Mzc5OSwidXJsIjoiaHR0cHM6XC9cL2Jlcm5kc3RhYXRzLmRlXC93cC1jb250ZW50XC91cGxvYWRzXC8yMDE4XC8wMlwvdXJrdW5kZTIucG5nIiwic2xpZGVzaG93IjoiMTI3ZDQxZiJ9\" href='https:\/\/berndstaats.de\/wp-content\/uploads\/2018\/02\/urkunde2.png'><img loading=\"lazy\" decoding=\"async\" width=\"211\" height=\"300\" src=\"https:\/\/berndstaats.de\/wp-content\/uploads\/2018\/02\/urkunde2-211x300.png\" class=\"attachment-medium size-medium\" alt=\"\" srcset=\"https:\/\/berndstaats.de\/wp-content\/uploads\/2018\/02\/urkunde2-211x300.png 211w, https:\/\/berndstaats.de\/wp-content\/uploads\/2018\/02\/urkunde2.png 626w\" sizes=\"auto, (max-width: 211px) 100vw, 211px\" \/><\/a>\n\t\t\t<\/dt><\/dl><dl class='gallery-item'>\n\t\t\t<dt class='gallery-icon portrait'>\n\t\t\t\t<a data-elementor-open-lightbox=\"yes\" data-elementor-lightbox-slideshow=\"127d41f\" data-elementor-lightbox-title=\"urkunde3\" e-action-hash=\"#elementor-action%3Aaction%3Dlightbox%26settings%3DeyJpZCI6MzgwMCwidXJsIjoiaHR0cHM6XC9cL2Jlcm5kc3RhYXRzLmRlXC93cC1jb250ZW50XC91cGxvYWRzXC8yMDE4XC8wMlwvdXJrdW5kZTMucG5nIiwic2xpZGVzaG93IjoiMTI3ZDQxZiJ9\" href='https:\/\/berndstaats.de\/wp-content\/uploads\/2018\/02\/urkunde3.png'><img loading=\"lazy\" decoding=\"async\" width=\"212\" height=\"300\" src=\"https:\/\/berndstaats.de\/wp-content\/uploads\/2018\/02\/urkunde3-212x300.png\" class=\"attachment-medium size-medium\" alt=\"\" srcset=\"https:\/\/berndstaats.de\/wp-content\/uploads\/2018\/02\/urkunde3-212x300.png 212w, https:\/\/berndstaats.de\/wp-content\/uploads\/2018\/02\/urkunde3.png 628w\" sizes=\"auto, (max-width: 212px) 100vw, 212px\" \/><\/a>\n\t\t\t<\/dt><\/dl><br style=\"clear: both\" \/><dl class='gallery-item'>\n\t\t\t<dt class='gallery-icon portrait'>\n\t\t\t\t<a data-elementor-open-lightbox=\"yes\" data-elementor-lightbox-slideshow=\"127d41f\" data-elementor-lightbox-title=\"urkunde4\" e-action-hash=\"#elementor-action%3Aaction%3Dlightbox%26settings%3DeyJpZCI6MzgwMSwidXJsIjoiaHR0cHM6XC9cL2Jlcm5kc3RhYXRzLmRlXC93cC1jb250ZW50XC91cGxvYWRzXC8yMDE4XC8wMlwvdXJrdW5kZTQucG5nIiwic2xpZGVzaG93IjoiMTI3ZDQxZiJ9\" href='https:\/\/berndstaats.de\/wp-content\/uploads\/2018\/02\/urkunde4.png'><img loading=\"lazy\" decoding=\"async\" width=\"212\" height=\"300\" src=\"https:\/\/berndstaats.de\/wp-content\/uploads\/2018\/02\/urkunde4-212x300.png\" class=\"attachment-medium size-medium\" alt=\"\" srcset=\"https:\/\/berndstaats.de\/wp-content\/uploads\/2018\/02\/urkunde4-212x300.png 212w, https:\/\/berndstaats.de\/wp-content\/uploads\/2018\/02\/urkunde4.png 628w\" sizes=\"auto, (max-width: 212px) 100vw, 212px\" \/><\/a>\n\t\t\t<\/dt><\/dl><dl class='gallery-item'>\n\t\t\t<dt class='gallery-icon portrait'>\n\t\t\t\t<a data-elementor-open-lightbox=\"yes\" data-elementor-lightbox-slideshow=\"127d41f\" data-elementor-lightbox-title=\"urkunde5\" e-action-hash=\"#elementor-action%3Aaction%3Dlightbox%26settings%3DeyJpZCI6MzgwMiwidXJsIjoiaHR0cHM6XC9cL2Jlcm5kc3RhYXRzLmRlXC93cC1jb250ZW50XC91cGxvYWRzXC8yMDE4XC8wMlwvdXJrdW5kZTUucG5nIiwic2xpZGVzaG93IjoiMTI3ZDQxZiJ9\" href='https:\/\/berndstaats.de\/wp-content\/uploads\/2018\/02\/urkunde5.png'><img loading=\"lazy\" decoding=\"async\" width=\"212\" height=\"300\" src=\"https:\/\/berndstaats.de\/wp-content\/uploads\/2018\/02\/urkunde5-212x300.png\" class=\"attachment-medium size-medium\" alt=\"\" srcset=\"https:\/\/berndstaats.de\/wp-content\/uploads\/2018\/02\/urkunde5-212x300.png 212w, https:\/\/berndstaats.de\/wp-content\/uploads\/2018\/02\/urkunde5.png 628w\" sizes=\"auto, (max-width: 212px) 100vw, 212px\" \/><\/a>\n\t\t\t<\/dt><\/dl><dl class='gallery-item'>\n\t\t\t<dt class='gallery-icon portrait'>\n\t\t\t\t<a data-elementor-open-lightbox=\"yes\" data-elementor-lightbox-slideshow=\"127d41f\" data-elementor-lightbox-title=\"urkunde6\" e-action-hash=\"#elementor-action%3Aaction%3Dlightbox%26settings%3DeyJpZCI6MzgwMywidXJsIjoiaHR0cHM6XC9cL2Jlcm5kc3RhYXRzLmRlXC93cC1jb250ZW50XC91cGxvYWRzXC8yMDE4XC8wMlwvdXJrdW5kZTYucG5nIiwic2xpZGVzaG93IjoiMTI3ZDQxZiJ9\" href='https:\/\/berndstaats.de\/wp-content\/uploads\/2018\/02\/urkunde6.png'><img loading=\"lazy\" decoding=\"async\" width=\"212\" height=\"300\" src=\"https:\/\/berndstaats.de\/wp-content\/uploads\/2018\/02\/urkunde6-212x300.png\" class=\"attachment-medium size-medium\" alt=\"\" srcset=\"https:\/\/berndstaats.de\/wp-content\/uploads\/2018\/02\/urkunde6-212x300.png 212w, https:\/\/berndstaats.de\/wp-content\/uploads\/2018\/02\/urkunde6.png 628w\" sizes=\"auto, (max-width: 212px) 100vw, 212px\" \/><\/a>\n\t\t\t<\/dt><\/dl><dl class='gallery-item'>\n\t\t\t<dt class='gallery-icon portrait'>\n\t\t\t\t<a data-elementor-open-lightbox=\"yes\" data-elementor-lightbox-slideshow=\"127d41f\" data-elementor-lightbox-title=\"urkunde7\" e-action-hash=\"#elementor-action%3Aaction%3Dlightbox%26settings%3DeyJpZCI6MzgwNCwidXJsIjoiaHR0cHM6XC9cL2Jlcm5kc3RhYXRzLmRlXC93cC1jb250ZW50XC91cGxvYWRzXC8yMDE4XC8wMlwvdXJrdW5kZTcucG5nIiwic2xpZGVzaG93IjoiMTI3ZDQxZiJ9\" href='https:\/\/berndstaats.de\/wp-content\/uploads\/2018\/02\/urkunde7.png'><img loading=\"lazy\" decoding=\"async\" width=\"211\" height=\"300\" src=\"https:\/\/berndstaats.de\/wp-content\/uploads\/2018\/02\/urkunde7-211x300.png\" class=\"attachment-medium size-medium\" alt=\"\" srcset=\"https:\/\/berndstaats.de\/wp-content\/uploads\/2018\/02\/urkunde7-211x300.png 211w, https:\/\/berndstaats.de\/wp-content\/uploads\/2018\/02\/urkunde7.png 626w\" sizes=\"auto, (max-width: 211px) 100vw, 211px\" \/><\/a>\n\t\t\t<\/dt><\/dl><br style=\"clear: both\" \/><dl class='gallery-item'>\n\t\t\t<dt class='gallery-icon portrait'>\n\t\t\t\t<a data-elementor-open-lightbox=\"yes\" data-elementor-lightbox-slideshow=\"127d41f\" data-elementor-lightbox-title=\"urkunde8\" e-action-hash=\"#elementor-action%3Aaction%3Dlightbox%26settings%3DeyJpZCI6MzgwNSwidXJsIjoiaHR0cHM6XC9cL2Jlcm5kc3RhYXRzLmRlXC93cC1jb250ZW50XC91cGxvYWRzXC8yMDE4XC8wMlwvdXJrdW5kZTgucG5nIiwic2xpZGVzaG93IjoiMTI3ZDQxZiJ9\" href='https:\/\/berndstaats.de\/wp-content\/uploads\/2018\/02\/urkunde8.png'><img loading=\"lazy\" decoding=\"async\" width=\"211\" height=\"300\" src=\"https:\/\/berndstaats.de\/wp-content\/uploads\/2018\/02\/urkunde8-211x300.png\" class=\"attachment-medium size-medium\" alt=\"\" srcset=\"https:\/\/berndstaats.de\/wp-content\/uploads\/2018\/02\/urkunde8-211x300.png 211w, https:\/\/berndstaats.de\/wp-content\/uploads\/2018\/02\/urkunde8.png 626w\" sizes=\"auto, (max-width: 211px) 100vw, 211px\" \/><\/a>\n\t\t\t<\/dt><\/dl><dl class='gallery-item'>\n\t\t\t<dt class='gallery-icon portrait'>\n\t\t\t\t<a data-elementor-open-lightbox=\"yes\" data-elementor-lightbox-slideshow=\"127d41f\" data-elementor-lightbox-title=\"urkunde9\" e-action-hash=\"#elementor-action%3Aaction%3Dlightbox%26settings%3DeyJpZCI6MzgwNiwidXJsIjoiaHR0cHM6XC9cL2Jlcm5kc3RhYXRzLmRlXC93cC1jb250ZW50XC91cGxvYWRzXC8yMDE4XC8wMlwvdXJrdW5kZTkucG5nIiwic2xpZGVzaG93IjoiMTI3ZDQxZiJ9\" href='https:\/\/berndstaats.de\/wp-content\/uploads\/2018\/02\/urkunde9.png'><img loading=\"lazy\" decoding=\"async\" width=\"212\" height=\"300\" src=\"https:\/\/berndstaats.de\/wp-content\/uploads\/2018\/02\/urkunde9-212x300.png\" class=\"attachment-medium size-medium\" alt=\"\" srcset=\"https:\/\/berndstaats.de\/wp-content\/uploads\/2018\/02\/urkunde9-212x300.png 212w, https:\/\/berndstaats.de\/wp-content\/uploads\/2018\/02\/urkunde9.png 628w\" sizes=\"auto, (max-width: 212px) 100vw, 212px\" \/><\/a>\n\t\t\t<\/dt><\/dl><dl class='gallery-item'>\n\t\t\t<dt class='gallery-icon portrait'>\n\t\t\t\t<a data-elementor-open-lightbox=\"yes\" data-elementor-lightbox-slideshow=\"127d41f\" data-elementor-lightbox-title=\"urkunde10\" e-action-hash=\"#elementor-action%3Aaction%3Dlightbox%26settings%3DeyJpZCI6Mzg1NCwidXJsIjoiaHR0cHM6XC9cL2Jlcm5kc3RhYXRzLmRlXC93cC1jb250ZW50XC91cGxvYWRzXC8yMDE4XC8xMFwvdXJrdW5kZTEwLnBuZyIsInNsaWRlc2hvdyI6IjEyN2Q0MWYifQ%3D%3D\" href='https:\/\/berndstaats.de\/wp-content\/uploads\/2018\/10\/urkunde10.png'><img loading=\"lazy\" decoding=\"async\" width=\"211\" height=\"300\" src=\"https:\/\/berndstaats.de\/wp-content\/uploads\/2018\/10\/urkunde10-211x300.png\" class=\"attachment-medium size-medium\" alt=\"\" srcset=\"https:\/\/berndstaats.de\/wp-content\/uploads\/2018\/10\/urkunde10-211x300.png 211w, https:\/\/berndstaats.de\/wp-content\/uploads\/2018\/10\/urkunde10.png 626w\" sizes=\"auto, (max-width: 211px) 100vw, 211px\" \/><\/a>\n\t\t\t<\/dt><\/dl><dl class='gallery-item'>\n\t\t\t<dt class='gallery-icon portrait'>\n\t\t\t\t<a data-elementor-open-lightbox=\"yes\" data-elementor-lightbox-slideshow=\"127d41f\" data-elementor-lightbox-title=\"urkunde11\" e-action-hash=\"#elementor-action%3Aaction%3Dlightbox%26settings%3DeyJpZCI6Mzg1NSwidXJsIjoiaHR0cHM6XC9cL2Jlcm5kc3RhYXRzLmRlXC93cC1jb250ZW50XC91cGxvYWRzXC8yMDE4XC8xMFwvdXJrdW5kZTExLnBuZyIsInNsaWRlc2hvdyI6IjEyN2Q0MWYifQ%3D%3D\" href='https:\/\/berndstaats.de\/wp-content\/uploads\/2018\/10\/urkunde11.png'><img loading=\"lazy\" decoding=\"async\" width=\"211\" height=\"300\" src=\"https:\/\/berndstaats.de\/wp-content\/uploads\/2018\/10\/urkunde11-211x300.png\" class=\"attachment-medium size-medium\" alt=\"\" srcset=\"https:\/\/berndstaats.de\/wp-content\/uploads\/2018\/10\/urkunde11-211x300.png 211w, https:\/\/berndstaats.de\/wp-content\/uploads\/2018\/10\/urkunde11.png 626w\" sizes=\"auto, (max-width: 211px) 100vw, 211px\" \/><\/a>\n\t\t\t<\/dt><\/dl><br style=\"clear: both\" \/><dl class='gallery-item'>\n\t\t\t<dt class='gallery-icon portrait'>\n\t\t\t\t<a data-elementor-open-lightbox=\"yes\" data-elementor-lightbox-slideshow=\"127d41f\" data-elementor-lightbox-title=\"VDI Urkunde 2047-2\" e-action-hash=\"#elementor-action%3Aaction%3Dlightbox%26settings%3DeyJpZCI6Mzg1OSwidXJsIjoiaHR0cHM6XC9cL2Jlcm5kc3RhYXRzLmRlXC93cC1jb250ZW50XC91cGxvYWRzXC8yMDE5XC8wOVwvVkRJLVVya3VuZGUtMjA0Ny0yLTEuanBnIiwic2xpZGVzaG93IjoiMTI3ZDQxZiJ9\" href='https:\/\/berndstaats.de\/wp-content\/uploads\/2019\/09\/VDI-Urkunde-2047-2-1.jpg'><img loading=\"lazy\" decoding=\"async\" width=\"211\" height=\"300\" src=\"https:\/\/berndstaats.de\/wp-content\/uploads\/2019\/09\/VDI-Urkunde-2047-2-1-211x300.jpg\" class=\"attachment-medium size-medium\" alt=\"\" srcset=\"https:\/\/berndstaats.de\/wp-content\/uploads\/2019\/09\/VDI-Urkunde-2047-2-1-211x300.jpg 211w, https:\/\/berndstaats.de\/wp-content\/uploads\/2019\/09\/VDI-Urkunde-2047-2-1.jpg 626w\" sizes=\"auto, (max-width: 211px) 100vw, 211px\" \/><\/a>\n\t\t\t<\/dt><\/dl><dl class='gallery-item'>\n\t\t\t<dt class='gallery-icon portrait'>\n\t\t\t\t<a data-elementor-open-lightbox=\"yes\" data-elementor-lightbox-slideshow=\"127d41f\" data-elementor-lightbox-title=\"VDI DVQST_ VDI 6023-1 Kategorie A_Bernd Staats_1\" e-action-hash=\"#elementor-action%3Aaction%3Dlightbox%26settings%3DeyJpZCI6Mzg5MywidXJsIjoiaHR0cHM6XC9cL2Jlcm5kc3RhYXRzLmRlXC93cC1jb250ZW50XC91cGxvYWRzXC8yMDIxXC8wN1wvVkRJLURWUVNUXy1WREktNjAyMy0xLUthdGVnb3JpZS1BX0Jlcm5kLVN0YWF0c18xLmpwZyIsInNsaWRlc2hvdyI6IjEyN2Q0MWYifQ%3D%3D\" href='https:\/\/berndstaats.de\/wp-content\/uploads\/2021\/07\/VDI-DVQST_-VDI-6023-1-Kategorie-A_Bernd-Staats_1.jpg'><img loading=\"lazy\" decoding=\"async\" width=\"211\" height=\"300\" src=\"https:\/\/berndstaats.de\/wp-content\/uploads\/2021\/07\/VDI-DVQST_-VDI-6023-1-Kategorie-A_Bernd-Staats_1-211x300.jpg\" class=\"attachment-medium size-medium\" alt=\"\" srcset=\"https:\/\/berndstaats.de\/wp-content\/uploads\/2021\/07\/VDI-DVQST_-VDI-6023-1-Kategorie-A_Bernd-Staats_1-211x300.jpg 211w, https:\/\/berndstaats.de\/wp-content\/uploads\/2021\/07\/VDI-DVQST_-VDI-6023-1-Kategorie-A_Bernd-Staats_1.jpg 626w\" sizes=\"auto, (max-width: 211px) 100vw, 211px\" \/><\/a>\n\t\t\t<\/dt><\/dl>\n\t\t\t<br style='clear: both' \/>\n\t\t<\/div>\n\t\t<\/div>\n\t\t\t\t<\/div>\n\t\t\t\t<\/div>\n\t\t\t\t\t\t<\/div>\n\t\t\t\t\t<\/div>\n\t\t<\/div>\n\t\t\t\t\t\t\t\t<\/div>\n\t\t\t\t\t<\/div>\n\t\t<\/section>\n\t\t\t\t\t\t\t\t\t<\/div>\n\t\t\t<\/div>\n\t\t\t\t\t<\/div>\n\t\t","protected":false},"excerpt":{"rendered":"<p>\u00dcber mich Mein Name ist Bernd Staats. Ich lebe und arbeite im nordwestlichen Ausl\u00e4ufer des Duisburger Stadtgebietes direkt am Rhein, im Ortsteil Baerl. Damit kann ich mich gleicherma\u00dfen als Niederrheiner und Ruhrgebietler bezeichnen. Von hier aus betreibe ich das Sachverst\u00e4ndigen- und Ingenieurb\u00fcro Dipl.-Ing. Bernd Staats, welches\u00a0 ich im August 2016 gegr\u00fcndet habe. Damit konnte ich [&hellip;]<\/p>\n","protected":false},"author":1,"featured_media":0,"parent":0,"menu_order":0,"comment_status":"closed","ping_status":"closed","template":"templates\/front_1.php","meta":{"footnotes":""},"class_list":["post-3578","page","type-page","status-publish","hentry"],"_links":{"self":[{"href":"https:\/\/berndstaats.de\/index.php?rest_route=\/wp\/v2\/pages\/3578","targetHints":{"allow":["GET"]}}],"collection":[{"href":"https:\/\/berndstaats.de\/index.php?rest_route=\/wp\/v2\/pages"}],"about":[{"href":"https:\/\/berndstaats.de\/index.php?rest_route=\/wp\/v2\/types\/page"}],"author":[{"embeddable":true,"href":"https:\/\/berndstaats.de\/index.php?rest_route=\/wp\/v2\/users\/1"}],"replies":[{"embeddable":true,"href":"https:\/\/berndstaats.de\/index.php?rest_route=%2Fwp%2Fv2%2Fcomments&post=3578"}],"version-history":[{"count":40,"href":"https:\/\/berndstaats.de\/index.php?rest_route=\/wp\/v2\/pages\/3578\/revisions"}],"predecessor-version":[{"id":3896,"href":"https:\/\/berndstaats.de\/index.php?rest_route=\/wp\/v2\/pages\/3578\/revisions\/3896"}],"wp:attachment":[{"href":"https:\/\/berndstaats.de\/index.php?rest_route=%2Fwp%2Fv2%2Fmedia&parent=3578"}],"curies":[{"name":"wp","href":"https:\/\/api.w.org\/{rel}","templated":true}]}}