{"id":3589,"date":"2016-07-16T06:45:31","date_gmt":"2016-07-16T06:45:31","guid":{"rendered":"https:\/\/bernsstaats.de\/?page_id=3589"},"modified":"2017-03-14T18:12:52","modified_gmt":"2017-03-14T18:12:52","slug":"gutachten","status":"publish","type":"page","link":"https:\/\/berndstaats.de\/?page_id=3589","title":{"rendered":"Gutachten"},"content":{"rendered":"\t\t<div data-elementor-type=\"wp-post\" data-elementor-id=\"3589\" class=\"elementor elementor-3589 elementor-bc-flex-widget\">\n\t\t\t\t\t\t<div class=\"elementor-inner\">\n\t\t\t\t<div class=\"elementor-section-wrap\">\n\t\t\t\t\t\t\t\t\t<section class=\"elementor-section elementor-top-section elementor-element elementor-element-mr43v2l elementor-section-boxed elementor-section-height-default elementor-section-height-default\" data-id=\"mr43v2l\" data-element_type=\"section\">\n\t\t\t\t\t\t<div class=\"elementor-container elementor-column-gap-default\">\n\t\t\t\t\t\t\t<div class=\"elementor-row\">\n\t\t\t\t\t<div class=\"elementor-column elementor-col-100 elementor-top-column elementor-element elementor-element-7vbdtj7\" data-id=\"7vbdtj7\" data-element_type=\"column\">\n\t\t\t<div class=\"elementor-column-wrap elementor-element-populated\">\n\t\t\t\t\t\t\t<div class=\"elementor-widget-wrap\">\n\t\t\t\t\t\t<div class=\"elementor-element elementor-element-eb8i4in elementor-widget elementor-widget-heading\" data-id=\"eb8i4in\" data-element_type=\"widget\" data-widget_type=\"heading.default\">\n\t\t\t\t<div class=\"elementor-widget-container\">\n\t\t\t<h2 class=\"elementor-heading-title elementor-size-large\">Gutachten<\/h2>\t\t<\/div>\n\t\t\t\t<\/div>\n\t\t\t\t<div class=\"elementor-element elementor-element-dbxuom0 elementor-invisible elementor-widget elementor-widget-text-editor\" data-id=\"dbxuom0\" data-element_type=\"widget\" data-settings=\"{&quot;_animation&quot;:&quot;slideInRight&quot;}\" data-widget_type=\"text-editor.default\">\n\t\t\t\t<div class=\"elementor-widget-container\">\n\t\t\t\t\t\t\t\t<div class=\"elementor-text-editor elementor-clearfix\">\n\t\t\t\t<p><span style=\"color: #808080;\"><strong>Wann kann ein \u00f6ffentlich bestellter und vereidigter Sachverst\u00e4ndiger helfen?<\/strong><\/span><\/p><p>Die Hauptaufgabe des \u00f6ffentlich bestellten und vereidigten Sachverst\u00e4ndigen liegt darin, fachlich qualifizierte Gutachten auf dem Gebiet zu erstellen, auf dem er \u00fcber das n\u00f6tige ausgewiesene Fachwissen verf\u00fcgt.<\/p><p>Mein Bestellungsbereich umfasst das Installateur- und Heizungsbauerhandwerk.<\/p><p>Nicht nur Gerichte und Beh\u00f6rden k\u00f6nnen einen \u00f6ffentlich bestellten und vereidigten Sachverst\u00e4ndigen beauftragen, auch <a href=\"http:\/\/www.juraforum.de\/lexikon\/unternehmen\">Unternehmen<\/a> oder Privatpersonen k\u00f6nnen sich an diesen wenden,<\/p><ul><li>um Streitfragen kl\u00e4ren zu lassen<\/li><li>wenn Beratungen ben\u00f6tigt werden<\/li><li>wenn ein Schaden beurteilt werden soll<\/li><li>wenn eine Sache bewertet werden soll<\/li><li>wenn ein fachlicher Streit au\u00dfergerichtlich gekl\u00e4rt werden soll<\/li><li>wenn eine Stellungnahme \u00fcber einen Sachverhalt erstellt werden soll<\/li><li>wenn der tats\u00e4chlicher Zustand eines Gegenstandes zu Beweiszwecken (z. B. bei Abnahmen oder f\u00fcr Dokumentationen des Baufortschritts) festgestellt werden soll.<\/li><\/ul><p>\u00a0<\/p><p><strong>Schweigepflicht<\/strong><br \/>Der Sachverst\u00e4ndige muss die ihm bei Aus\u00fcbung seiner T\u00e4tigkeit anvertrauten Privat- und Gesch\u00e4ftsgeheimnisse wahren. Bei unbefugter Verletzung der Schweigepflicht kann er streng bestraft werden.<\/p><p><span style=\"color: #808080;\"><strong>Rechtsfragen darf der \u00f6ffentlich bestellte und vereidigte Sachverst\u00e4ndige allerdings nicht beantworten.<\/strong><\/span><\/p><p><img loading=\"lazy\" decoding=\"async\" class=\"alignnone size-full wp-image-3690\" src=\"https:\/\/berndstaats.de\/wp-content\/uploads\/2016\/08\/Web-RGB-72dpi.gif\" alt=\"Web-RGB-72dpi\" width=\"74\" height=\"73\" \/>\u00a0\u00a0\u00a0<span style=\"color: #808080;\"> <strong><em>\u201eZeichen f\u00fcr Sachverstand\u201c<\/em><\/strong> &#8211;<\/span> Logo der \u00f6ffentlich bestellten und vereidigten Sachverst\u00e4ndige und der Bestellungsk\u00f6rperschaften<\/p><p>Die Grundpflichten eines \u00f6ffentlich bestellten und vereidigten Sachverst\u00e4ndigen sind Objektivit\u00e4t, Unparteilichkeit und Weisungsfreiheit. Hierauf muss er einen Eid leisten. Ein Versto\u00df gegen diese Pflichten stellt einen Straftatbestand dar.<\/p><p>\u00a0<\/p>\t\t\t\t\t<\/div>\n\t\t\t\t\t\t<\/div>\n\t\t\t\t<\/div>\n\t\t\t\t\t\t<\/div>\n\t\t\t\t\t<\/div>\n\t\t<\/div>\n\t\t\t\t\t\t\t\t<\/div>\n\t\t\t\t\t<\/div>\n\t\t<\/section>\n\t\t\t\t\t\t\t\t\t<\/div>\n\t\t\t<\/div>\n\t\t\t\t\t<\/div>\n\t\t","protected":false},"excerpt":{"rendered":"<p>&nbsp; Gutachten Wann kann ein \u00f6ffentlich bestellter und vereidigter Sachverst\u00e4ndiger helfen? Die Hauptaufgabe des \u00f6ffentlich bestellten und vereidigten Sachverst\u00e4ndigen liegt darin, fachlich qualifizierte Gutachten auf dem Gebiet zu erstellen, auf dem er \u00fcber das n\u00f6tige ausgewiesene Fachwissen verf\u00fcgt. Mein Bestellungsbereich umfasst das Installateur- und Heizungsbauerhandwerk. Nicht nur Gerichte und Beh\u00f6rden k\u00f6nnen einen \u00f6ffentlich bestellten und [&hellip;]<\/p>\n","protected":false},"author":1,"featured_media":0,"parent":0,"menu_order":0,"comment_status":"closed","ping_status":"closed","template":"templates\/front_1.php","meta":{"footnotes":""},"class_list":["post-3589","page","type-page","status-publish","hentry"],"_links":{"self":[{"href":"https:\/\/berndstaats.de\/index.php?rest_route=\/wp\/v2\/pages\/3589","targetHints":{"allow":["GET"]}}],"collection":[{"href":"https:\/\/berndstaats.de\/index.php?rest_route=\/wp\/v2\/pages"}],"about":[{"href":"https:\/\/berndstaats.de\/index.php?rest_route=\/wp\/v2\/types\/page"}],"author":[{"embeddable":true,"href":"https:\/\/berndstaats.de\/index.php?rest_route=\/wp\/v2\/users\/1"}],"replies":[{"embeddable":true,"href":"https:\/\/berndstaats.de\/index.php?rest_route=%2Fwp%2Fv2%2Fcomments&post=3589"}],"version-history":[{"count":14,"href":"https:\/\/berndstaats.de\/index.php?rest_route=\/wp\/v2\/pages\/3589\/revisions"}],"predecessor-version":[{"id":3767,"href":"https:\/\/berndstaats.de\/index.php?rest_route=\/wp\/v2\/pages\/3589\/revisions\/3767"}],"wp:attachment":[{"href":"https:\/\/berndstaats.de\/index.php?rest_route=%2Fwp%2Fv2%2Fmedia&parent=3589"}],"curies":[{"name":"wp","href":"https:\/\/api.w.org\/{rel}","templated":true}]}}