{"id":3638,"date":"2016-07-25T15:36:10","date_gmt":"2016-07-25T15:36:10","guid":{"rendered":"https:\/\/bernsstaats.de\/?page_id=3638"},"modified":"2016-12-05T13:04:50","modified_gmt":"2016-12-05T13:04:50","slug":"kontaktformular","status":"publish","type":"page","link":"https:\/\/berndstaats.de\/?page_id=3638","title":{"rendered":"Kontaktformular"},"content":{"rendered":"\t\t<div data-elementor-type=\"wp-post\" data-elementor-id=\"3638\" class=\"elementor elementor-3638 elementor-bc-flex-widget\">\n\t\t\t\t\t\t<div class=\"elementor-inner\">\n\t\t\t\t<div class=\"elementor-section-wrap\">\n\t\t\t\t\t\t\t\t\t<section class=\"elementor-section elementor-top-section elementor-element elementor-element-t515dvu elementor-section-boxed elementor-section-height-default elementor-section-height-default\" data-id=\"t515dvu\" data-element_type=\"section\">\n\t\t\t\t\t\t<div class=\"elementor-container elementor-column-gap-default\">\n\t\t\t\t\t\t\t<div class=\"elementor-row\">\n\t\t\t\t\t<div class=\"elementor-column elementor-col-100 elementor-top-column elementor-element elementor-element-it6qijn\" data-id=\"it6qijn\" data-element_type=\"column\">\n\t\t\t<div class=\"elementor-column-wrap elementor-element-populated\">\n\t\t\t\t\t\t\t<div class=\"elementor-widget-wrap\">\n\t\t\t\t\t\t<div class=\"elementor-element elementor-element-8gn77un elementor-widget elementor-widget-heading\" data-id=\"8gn77un\" data-element_type=\"widget\" data-widget_type=\"heading.default\">\n\t\t\t\t<div class=\"elementor-widget-container\">\n\t\t\t<h2 class=\"elementor-heading-title elementor-size-large\">Kontaktformular<\/h2>\t\t<\/div>\n\t\t\t\t<\/div>\n\t\t\t\t<div class=\"elementor-element elementor-element-jpq1imz elementor-widget elementor-widget-text-editor\" data-id=\"jpq1imz\" data-element_type=\"widget\" data-widget_type=\"text-editor.default\">\n\t\t\t\t<div class=\"elementor-widget-container\">\n\t\t\t\t\t\t\t\t<div class=\"elementor-text-editor elementor-clearfix\">\n\t\t\t\tBitte f\u00fcllen Sie alle Felder des Formulars aus. Ich werde mich schnellstens mit Ihnen in Verbindung setzen.\t\t\t\t\t<\/div>\n\t\t\t\t\t\t<\/div>\n\t\t\t\t<\/div>\n\t\t\t\t<div class=\"elementor-element elementor-element-brmqasx elementor-invisible elementor-widget elementor-widget-alert\" data-id=\"brmqasx\" data-element_type=\"widget\" data-settings=\"{&quot;_animation&quot;:&quot;slideInLeft&quot;}\" data-widget_type=\"alert.default\">\n\t\t\t\t<div class=\"elementor-widget-container\">\n\t\t\t\t\t<div class=\"elementor-alert elementor-alert-info\" role=\"alert\">\n\t\t\t<span class=\"elementor-alert-title\">Datenschutzerkl\u00e4rung<\/span>\n\t\t\t\t\t\t\t<span class=\"elementor-alert-description\">Bitte beachten Sie, dass beim Ausf\u00fcllen und Senden dieses Formulars, Ihre eingegebenen Daten und evtl. angeh\u00e4ngte Fotos per E-Mail an mich \u00fcbermittelt werden. Diese Daten werden nur von mir zu dem Zweck der Kontaktaufnahme verwendet.\n\n<a href=\"https:\/\/berndstaats.de\/?page_id=3671\" target=\"_blank\">Datenschutzerkl\u00e4rung anzeigen...<\/a><\/span>\n\t\t\t\t\t\t\t\t\t\t<button type=\"button\" class=\"elementor-alert-dismiss\">\n\t\t\t\t\t\t\t\t\t\t\t<span aria-hidden=\"true\">&times;<\/span>\n\t\t\t\t\t\t\t\t\t\t<span class=\"elementor-screen-only\">Warnung verwerfen<\/span>\n\t\t\t\t<\/button>\n\t\t\t\t\t<\/div>\n\t\t\t\t<\/div>\n\t\t\t\t<\/div>\n\t\t\t\t<div class=\"elementor-element elementor-element-gw0g4l5 elementor-widget elementor-widget-spacer\" data-id=\"gw0g4l5\" data-element_type=\"widget\" data-widget_type=\"spacer.default\">\n\t\t\t\t<div class=\"elementor-widget-container\">\n\t\t\t\t\t<div class=\"elementor-spacer\">\n\t\t\t<div class=\"elementor-spacer-inner\"><\/div>\n\t\t<\/div>\n\t\t\t\t<\/div>\n\t\t\t\t<\/div>\n\t\t\t\t<div class=\"elementor-element elementor-element-34lb63n elementor-invisible elementor-widget elementor-widget-text-editor\" data-id=\"34lb63n\" data-element_type=\"widget\" data-settings=\"{&quot;_animation&quot;:&quot;slideInRight&quot;}\" data-widget_type=\"text-editor.default\">\n\t\t\t\t<div class=\"elementor-widget-container\">\n\t\t\t\t\t\t\t\t<div class=\"elementor-text-editor elementor-clearfix\">\n\t\t\t\t<div role=\"form\" class=\"wpcf7\" id=\"wpcf7-f3622-o1\" lang=\"de-DE\" dir=\"ltr\">\n<div class=\"screen-reader-response\"><p role=\"status\" aria-live=\"polite\" aria-atomic=\"true\"><\/p> <ul><\/ul><\/div>\n<form action=\"\/index.php?rest_route=%2Fwp%2Fv2%2Fpages%2F3638#wpcf7-f3622-o1\" method=\"post\" class=\"wpcf7-form init\" enctype=\"multipart\/form-data\" novalidate=\"novalidate\" data-status=\"init\">\n<div style=\"display: none;\">\n<input type=\"hidden\" name=\"_wpcf7\" value=\"3622\" \/>\n<input type=\"hidden\" name=\"_wpcf7_version\" value=\"5.6.4\" \/>\n<input type=\"hidden\" name=\"_wpcf7_locale\" value=\"de_DE\" \/>\n<input type=\"hidden\" name=\"_wpcf7_unit_tag\" value=\"wpcf7-f3622-o1\" \/>\n<input type=\"hidden\" name=\"_wpcf7_container_post\" value=\"0\" \/>\n<input type=\"hidden\" name=\"_wpcf7_posted_data_hash\" value=\"\" \/>\n<\/div>\n<p><span style=\"color: #a62436;\">Anrede (Pflichtfeld)<\/span><br \/>\n    <span class=\"wpcf7-form-control-wrap\" data-name=\"menu-711\"><select name=\"menu-711\" class=\"wpcf7-form-control wpcf7-select wpcf7-validates-as-required\" aria-required=\"true\" aria-invalid=\"false\"><option value=\"\">&#8212;<\/option><option value=\"Frau\">Frau<\/option><option value=\"Frau Dr.\">Frau Dr.<\/option><option value=\"Frau Prof.\">Frau Prof.<\/option><option value=\"Herr\">Herr<\/option><option value=\"Herr Dr.\">Herr Dr.<\/option><option value=\"Herr Prof.\">Herr Prof.<\/option><option value=\"Firma\">Firma<\/option><option value=\"Verein\">Verein<\/option><option value=\"Stadt\">Stadt<\/option><\/select><\/span> <\/p>\n<p><span style=\"color: #a62436;\">Ihr Name (Pflichtfeld)<\/span><br \/>\n    <span class=\"wpcf7-form-control-wrap\" data-name=\"your-name\"><input type=\"text\" name=\"your-name\" value=\"\" size=\"40\" class=\"wpcf7-form-control wpcf7-text wpcf7-validates-as-required\" aria-required=\"true\" aria-invalid=\"false\" \/><\/span> <\/p>\n<p><span style=\"color: #a62436;\">Ihre E-Mail-Adresse (Pflichtfeld)<\/span><br \/>\n    <span class=\"wpcf7-form-control-wrap\" data-name=\"your-email\"><input type=\"email\" name=\"your-email\" value=\"\" size=\"40\" class=\"wpcf7-form-control wpcf7-text wpcf7-email wpcf7-validates-as-required wpcf7-validates-as-email\" aria-required=\"true\" aria-invalid=\"false\" \/><\/span> <\/p>\n<p><span style=\"color: #a62436;\">Ihre Telefonnummer<\/span><br \/>\n    <span class=\"wpcf7-form-control-wrap\" data-name=\"tel-607\"><input type=\"tel\" name=\"tel-607\" value=\"\" size=\"40\" class=\"wpcf7-form-control wpcf7-text wpcf7-tel wpcf7-validates-as-tel\" aria-invalid=\"false\" \/><\/span> <\/p>\n<p><span style=\"color: #a62436;\">Betreff<\/span><br \/>\n    <span class=\"wpcf7-form-control-wrap\" data-name=\"your-subject\"><input type=\"text\" name=\"your-subject\" value=\"\" size=\"40\" class=\"wpcf7-form-control wpcf7-text\" aria-invalid=\"false\" \/><\/span> <\/p>\n<p><span style=\"color: #a62436;\">Ihre Nachricht<\/span><br \/>\n    <span class=\"wpcf7-form-control-wrap\" data-name=\"your-message\"><textarea name=\"your-message\" cols=\"40\" rows=\"10\" class=\"wpcf7-form-control wpcf7-textarea\" aria-invalid=\"false\"><\/textarea><\/span> <\/p>\n<p><span style=\"color: #a62436;\">Bilder\/Fotos<\/span><br \/>\n    <span class=\"wpcf7-form-control-wrap\" data-name=\"your-file\"><input type=\"file\" name=\"your-file\" size=\"40\" class=\"wpcf7-form-control wpcf7-file bar\" id=\"foo\" accept=\".jpg,.jpeg,.gif,.tif,.png,.bmp\" aria-invalid=\"false\" \/><\/span> <\/p>\n<p>&nbsp;&nbsp;\n<p><span style=\"color: #a62436;\">Datenschutzerkl\u00e4rung<\/span><br \/>\n    <span class=\"wpcf7-form-control-wrap\" data-name=\"acceptance-495\"><span class=\"wpcf7-form-control wpcf7-acceptance\"><span class=\"wpcf7-list-item\"><input type=\"checkbox\" name=\"acceptance-495\" value=\"1\" aria-invalid=\"false\" \/><\/span><\/span><\/span> <b>Ich habe die <a href=\"https:\/\/bernsstaats.de\/?page_id=3671\" target=\"_blank\">Datenschutzerkl\u00e4rung<\/a> gelesen und stimme zu.<\/b> <\/p>\n<p><input type=\"submit\" value=\"Senden\" class=\"wpcf7-form-control has-spinner wpcf7-submit\" \/><\/p>\n<div class=\"wpcf7-response-output\" aria-hidden=\"true\"><\/div><\/form><\/div>\t\t\t\t\t<\/div>\n\t\t\t\t\t\t<\/div>\n\t\t\t\t<\/div>\n\t\t\t\t\t\t<\/div>\n\t\t\t\t\t<\/div>\n\t\t<\/div>\n\t\t\t\t\t\t\t\t<\/div>\n\t\t\t\t\t<\/div>\n\t\t<\/section>\n\t\t\t\t\t\t\t\t\t<\/div>\n\t\t\t<\/div>\n\t\t\t\t\t<\/div>\n\t\t","protected":false},"excerpt":{"rendered":"<p>Kontaktformular Bitte f\u00fcllen Sie alle Felder des Formulars aus. Ich werde mich schnellstens mit Ihnen in Verbindung setzen. Datenschutzerkl\u00e4rungBitte beachten Sie, dass beim Ausf\u00fcllen und Senden dieses Formulars, Ihre eingegebenen Daten und evtl. angeh\u00e4ngte Fotos per E-Mail an mich \u00fcbermittelt werden. Diese Daten werden nur von mir zu dem Zweck der Kontaktaufnahme verwendet. Datenschutzerkl\u00e4rung anzeigen&#8230;X<\/p>\n","protected":false},"author":1,"featured_media":0,"parent":3580,"menu_order":0,"comment_status":"closed","ping_status":"closed","template":"templates\/front_1.php","meta":{"footnotes":""},"class_list":["post-3638","page","type-page","status-publish","hentry"],"_links":{"self":[{"href":"https:\/\/berndstaats.de\/index.php?rest_route=\/wp\/v2\/pages\/3638","targetHints":{"allow":["GET"]}}],"collection":[{"href":"https:\/\/berndstaats.de\/index.php?rest_route=\/wp\/v2\/pages"}],"about":[{"href":"https:\/\/berndstaats.de\/index.php?rest_route=\/wp\/v2\/types\/page"}],"author":[{"embeddable":true,"href":"https:\/\/berndstaats.de\/index.php?rest_route=\/wp\/v2\/users\/1"}],"replies":[{"embeddable":true,"href":"https:\/\/berndstaats.de\/index.php?rest_route=%2Fwp%2Fv2%2Fcomments&post=3638"}],"version-history":[{"count":8,"href":"https:\/\/berndstaats.de\/index.php?rest_route=\/wp\/v2\/pages\/3638\/revisions"}],"predecessor-version":[{"id":3675,"href":"https:\/\/berndstaats.de\/index.php?rest_route=\/wp\/v2\/pages\/3638\/revisions\/3675"}],"up":[{"embeddable":true,"href":"https:\/\/berndstaats.de\/index.php?rest_route=\/wp\/v2\/pages\/3580"}],"wp:attachment":[{"href":"https:\/\/berndstaats.de\/index.php?rest_route=%2Fwp%2Fv2%2Fmedia&parent=3638"}],"curies":[{"name":"wp","href":"https:\/\/api.w.org\/{rel}","templated":true}]}}