{"id":3701,"date":"2016-08-29T10:26:38","date_gmt":"2016-08-29T10:26:38","guid":{"rendered":"https:\/\/bernsstaats.de\/?page_id=3701"},"modified":"2018-02-25T09:10:15","modified_gmt":"2018-02-25T09:10:15","slug":"vortraege-schulungen","status":"publish","type":"page","link":"https:\/\/berndstaats.de\/?page_id=3701","title":{"rendered":"Vortr\u00e4ge \/ Schulungen"},"content":{"rendered":"\t\t<div data-elementor-type=\"wp-post\" data-elementor-id=\"3701\" class=\"elementor elementor-3701 elementor-bc-flex-widget\">\n\t\t\t\t\t\t<div class=\"elementor-inner\">\n\t\t\t\t<div class=\"elementor-section-wrap\">\n\t\t\t\t\t\t\t\t\t<section class=\"elementor-section elementor-top-section elementor-element elementor-element-7411d040 elementor-section-boxed elementor-section-height-default elementor-section-height-default\" data-id=\"7411d040\" data-element_type=\"section\">\n\t\t\t\t\t\t<div class=\"elementor-container elementor-column-gap-default\">\n\t\t\t\t\t\t\t<div class=\"elementor-row\">\n\t\t\t\t\t<div class=\"elementor-column elementor-col-100 elementor-top-column elementor-element elementor-element-1bf5ecaf\" data-id=\"1bf5ecaf\" data-element_type=\"column\">\n\t\t\t<div class=\"elementor-column-wrap elementor-element-populated\">\n\t\t\t\t\t\t\t<div class=\"elementor-widget-wrap\">\n\t\t\t\t\t\t<div class=\"elementor-element elementor-element-794e3b6c elementor-widget elementor-widget-heading\" data-id=\"794e3b6c\" data-element_type=\"widget\" data-widget_type=\"heading.default\">\n\t\t\t\t<div class=\"elementor-widget-container\">\n\t\t\t<h2 class=\"elementor-heading-title elementor-size-large\">Vortr\u00e4ge \/ Schulungen<\/h2>\t\t<\/div>\n\t\t\t\t<\/div>\n\t\t\t\t<div class=\"elementor-element elementor-element-181bdc03 elementor-invisible elementor-widget elementor-widget-text-editor\" data-id=\"181bdc03\" data-element_type=\"widget\" data-settings=\"{&quot;_animation&quot;:&quot;slideInLeft&quot;}\" data-widget_type=\"text-editor.default\">\n\t\t\t\t<div class=\"elementor-widget-container\">\n\t\t\t\t\t\t\t\t<div class=\"elementor-text-editor elementor-clearfix\">\n\t\t\t\t<p>Vortr\u00e4ge, Schulungen, Seminare oder Inhouse-Schulungen in den Bereichen: Sanit\u00e4rtechnik (Trinkwasserhygiene, Entw\u00e4sserungstechnik, Gas-Installationen, Erd- und Fl\u00fcssiggas sowie Heiz\u00f6l-Installationen).<\/p><p>\u00a0<\/p>\t\t\t\t\t<\/div>\n\t\t\t\t\t\t<\/div>\n\t\t\t\t<\/div>\n\t\t\t\t\t\t<\/div>\n\t\t\t\t\t<\/div>\n\t\t<\/div>\n\t\t\t\t\t\t\t\t<\/div>\n\t\t\t\t\t<\/div>\n\t\t<\/section>\n\t\t\t\t<section class=\"elementor-section elementor-top-section elementor-element elementor-element-313fb876 elementor-section-boxed elementor-section-height-default elementor-section-height-default\" data-id=\"313fb876\" data-element_type=\"section\">\n\t\t\t\t\t\t<div class=\"elementor-container elementor-column-gap-default\">\n\t\t\t\t\t\t\t<div class=\"elementor-row\">\n\t\t\t\t\t<div class=\"elementor-column elementor-col-100 elementor-top-column elementor-element elementor-element-3e738b1e\" data-id=\"3e738b1e\" data-element_type=\"column\">\n\t\t\t<div class=\"elementor-column-wrap\">\n\t\t\t\t\t\t\t<div class=\"elementor-widget-wrap\">\n\t\t\t\t\t\t\t\t<\/div>\n\t\t\t\t\t<\/div>\n\t\t<\/div>\n\t\t\t\t\t\t\t\t<\/div>\n\t\t\t\t\t<\/div>\n\t\t<\/section>\n\t\t\t\t\t\t\t\t\t<\/div>\n\t\t\t<\/div>\n\t\t\t\t\t<\/div>\n\t\t","protected":false},"excerpt":{"rendered":"<p>Vortr\u00e4ge \/ Schulungen Vortr\u00e4ge, Schulungen, Seminare oder Inhouse-Schulungen in den Bereichen: Sanit\u00e4rtechnik (Trinkwasserhygiene, Entw\u00e4sserungstechnik, Gas-Installationen, Erd- und Fl\u00fcssiggas sowie Heiz\u00f6l-Installationen). \u00a0<\/p>\n","protected":false},"author":1,"featured_media":0,"parent":3617,"menu_order":0,"comment_status":"closed","ping_status":"closed","template":"templates\/front_1.php","meta":{"footnotes":""},"class_list":["post-3701","page","type-page","status-publish","hentry"],"_links":{"self":[{"href":"https:\/\/berndstaats.de\/index.php?rest_route=\/wp\/v2\/pages\/3701","targetHints":{"allow":["GET"]}}],"collection":[{"href":"https:\/\/berndstaats.de\/index.php?rest_route=\/wp\/v2\/pages"}],"about":[{"href":"https:\/\/berndstaats.de\/index.php?rest_route=\/wp\/v2\/types\/page"}],"author":[{"embeddable":true,"href":"https:\/\/berndstaats.de\/index.php?rest_route=\/wp\/v2\/users\/1"}],"replies":[{"embeddable":true,"href":"https:\/\/berndstaats.de\/index.php?rest_route=%2Fwp%2Fv2%2Fcomments&post=3701"}],"version-history":[{"count":3,"href":"https:\/\/berndstaats.de\/index.php?rest_route=\/wp\/v2\/pages\/3701\/revisions"}],"predecessor-version":[{"id":3814,"href":"https:\/\/berndstaats.de\/index.php?rest_route=\/wp\/v2\/pages\/3701\/revisions\/3814"}],"up":[{"embeddable":true,"href":"https:\/\/berndstaats.de\/index.php?rest_route=\/wp\/v2\/pages\/3617"}],"wp:attachment":[{"href":"https:\/\/berndstaats.de\/index.php?rest_route=%2Fwp%2Fv2%2Fmedia&parent=3701"}],"curies":[{"name":"wp","href":"https:\/\/api.w.org\/{rel}","templated":true}]}}