{"id":3809,"date":"2018-02-25T09:06:37","date_gmt":"2018-02-25T09:06:37","guid":{"rendered":"https:\/\/bernsstaats.de\/?page_id=3809"},"modified":"2018-02-25T09:13:50","modified_gmt":"2018-02-25T09:13:50","slug":"fachpruefer-nach-%c2%a7-58-awsv-fuer-heizoelverbraucheranlagen","status":"publish","type":"page","link":"https:\/\/berndstaats.de\/?page_id=3809","title":{"rendered":"Fachpr\u00fcfer nach \u00a7 58 AwSV f\u00fcr Heiz\u00f6lverbraucheranlagen"},"content":{"rendered":"\t\t<div data-elementor-type=\"wp-post\" data-elementor-id=\"3809\" class=\"elementor elementor-3809 elementor-bc-flex-widget\">\n\t\t\t\t\t\t<div class=\"elementor-inner\">\n\t\t\t\t<div class=\"elementor-section-wrap\">\n\t\t\t\t\t\t\t\t\t<section class=\"elementor-section elementor-top-section elementor-element elementor-element-66004549 elementor-section-boxed elementor-section-height-default elementor-section-height-default\" data-id=\"66004549\" data-element_type=\"section\">\n\t\t\t\t\t\t<div class=\"elementor-container elementor-column-gap-default\">\n\t\t\t\t\t\t\t<div class=\"elementor-row\">\n\t\t\t\t\t<div class=\"elementor-column elementor-col-100 elementor-top-column elementor-element elementor-element-270efa28\" data-id=\"270efa28\" data-element_type=\"column\">\n\t\t\t<div class=\"elementor-column-wrap elementor-element-populated\">\n\t\t\t\t\t\t\t<div class=\"elementor-widget-wrap\">\n\t\t\t\t\t\t<div class=\"elementor-element elementor-element-63bca9ac elementor-widget elementor-widget-heading\" data-id=\"63bca9ac\" data-element_type=\"widget\" data-widget_type=\"heading.default\">\n\t\t\t\t<div class=\"elementor-widget-container\">\n\t\t\t<h2 class=\"elementor-heading-title elementor-size-large\">Fachpr\u00fcfer nach \u00a7 58 AwSV f\u00fcr Heiz\u00f6lverbraucheranlagen<\/h2>\t\t<\/div>\n\t\t\t\t<\/div>\n\t\t\t\t<div class=\"elementor-element elementor-element-2649e198 elementor-invisible elementor-widget elementor-widget-text-editor\" data-id=\"2649e198\" data-element_type=\"widget\" data-settings=\"{&quot;_animation&quot;:&quot;slideInLeft&quot;}\" data-widget_type=\"text-editor.default\">\n\t\t\t\t<div class=\"elementor-widget-container\">\n\t\t\t\t\t\t\t\t<div class=\"elementor-text-editor elementor-clearfix\">\n\t\t\t\t<p>Ab dem 1. August 2017 gilt f\u00fcr SHK-Fachbetriebe, die sich z. B. mit Heiz\u00f6ltankanlagen befassen:<\/p><p>Sicherheitstechnisch bedeutsame Arbeiten an ober- und unterirdischen Heiz\u00f6lverbraucheranlagen \u00fcber 1.000 Liter\u00a0<u>d\u00fcrfen nur von zertifizierten Fachbetrieben (nach \u00a7 62 AwSV) durchgef\u00fchrt werden<\/u>, die entweder von den Sachverst\u00e4ndigenorganisationen oder von G\u00fcte- und \u00dcberwachungsgemeinschaften \u00fcberwacht werden. Dazu geh\u00f6rt z. B. die \u00dcberwachungsgemeinschaft Technische Anlagen der SHK-Handwerke e.V. (\u00dcWG).<\/p><p>Zu dem vorgenannten \u00dcberwachungsverfahren z\u00e4hlt seit dem 1. August 2017 unter anderem auch die regelm\u00e4\u00dfig 2-j\u00e4hrig wiederkehrende \u00dcberwachung der Fachbetriebe sowie die einmalige \u00dcberwachung bei Neuaufnahme des Fachbetriebes in die \u00dcWG.<\/p><p>Die \u00dcberwachung erfolgt in den Unternehmen vor Ort durch\u00a0<strong>anerkannter Fachpr\u00fcfer nach \u00a7 58 AwSV oder Sachverst\u00e4ndige<\/strong>\u00a0der \u00dcWG.<\/p>\t\t\t\t\t<\/div>\n\t\t\t\t\t\t<\/div>\n\t\t\t\t<\/div>\n\t\t\t\t\t\t<\/div>\n\t\t\t\t\t<\/div>\n\t\t<\/div>\n\t\t\t\t\t\t\t\t<\/div>\n\t\t\t\t\t<\/div>\n\t\t<\/section>\n\t\t\t\t<section class=\"elementor-section elementor-top-section elementor-element elementor-element-278ecd64 elementor-section-boxed elementor-section-height-default elementor-section-height-default\" data-id=\"278ecd64\" data-element_type=\"section\">\n\t\t\t\t\t\t<div class=\"elementor-container elementor-column-gap-default\">\n\t\t\t\t\t\t\t<div class=\"elementor-row\">\n\t\t\t\t\t<div class=\"elementor-column elementor-col-100 elementor-top-column elementor-element elementor-element-4deed50b\" data-id=\"4deed50b\" data-element_type=\"column\">\n\t\t\t<div class=\"elementor-column-wrap\">\n\t\t\t\t\t\t\t<div class=\"elementor-widget-wrap\">\n\t\t\t\t\t\t\t\t<\/div>\n\t\t\t\t\t<\/div>\n\t\t<\/div>\n\t\t\t\t\t\t\t\t<\/div>\n\t\t\t\t\t<\/div>\n\t\t<\/section>\n\t\t\t\t\t\t\t\t\t<\/div>\n\t\t\t<\/div>\n\t\t\t\t\t<\/div>\n\t\t","protected":false},"excerpt":{"rendered":"<p>Fachpr\u00fcfer nach \u00a7 58 AwSV f\u00fcr Heiz\u00f6lverbraucheranlagen Ab dem 1. August 2017 gilt f\u00fcr SHK-Fachbetriebe, die sich z. B. mit Heiz\u00f6ltankanlagen befassen: Sicherheitstechnisch bedeutsame Arbeiten an ober- und unterirdischen Heiz\u00f6lverbraucheranlagen \u00fcber 1.000 Liter\u00a0d\u00fcrfen nur von zertifizierten Fachbetrieben (nach \u00a7 62 AwSV) durchgef\u00fchrt werden, die entweder von den Sachverst\u00e4ndigenorganisationen oder von G\u00fcte- und \u00dcberwachungsgemeinschaften \u00fcberwacht werden. [&hellip;]<\/p>\n","protected":false},"author":1,"featured_media":0,"parent":3617,"menu_order":0,"comment_status":"closed","ping_status":"closed","template":"templates\/front_1.php","meta":{"footnotes":""},"class_list":["post-3809","page","type-page","status-publish","hentry"],"_links":{"self":[{"href":"https:\/\/berndstaats.de\/index.php?rest_route=\/wp\/v2\/pages\/3809","targetHints":{"allow":["GET"]}}],"collection":[{"href":"https:\/\/berndstaats.de\/index.php?rest_route=\/wp\/v2\/pages"}],"about":[{"href":"https:\/\/berndstaats.de\/index.php?rest_route=\/wp\/v2\/types\/page"}],"author":[{"embeddable":true,"href":"https:\/\/berndstaats.de\/index.php?rest_route=\/wp\/v2\/users\/1"}],"replies":[{"embeddable":true,"href":"https:\/\/berndstaats.de\/index.php?rest_route=%2Fwp%2Fv2%2Fcomments&post=3809"}],"version-history":[{"count":3,"href":"https:\/\/berndstaats.de\/index.php?rest_route=\/wp\/v2\/pages\/3809\/revisions"}],"predecessor-version":[{"id":3819,"href":"https:\/\/berndstaats.de\/index.php?rest_route=\/wp\/v2\/pages\/3809\/revisions\/3819"}],"up":[{"embeddable":true,"href":"https:\/\/berndstaats.de\/index.php?rest_route=\/wp\/v2\/pages\/3617"}],"wp:attachment":[{"href":"https:\/\/berndstaats.de\/index.php?rest_route=%2Fwp%2Fv2%2Fmedia&parent=3809"}],"curies":[{"name":"wp","href":"https:\/\/api.w.org\/{rel}","templated":true}]}}