{"id":3836,"date":"2018-05-05T07:10:50","date_gmt":"2018-05-05T07:10:50","guid":{"rendered":"https:\/\/bernsstaats.de\/?page_id=3836"},"modified":"2018-05-05T07:20:40","modified_gmt":"2018-05-05T07:20:40","slug":"datenauszug","status":"publish","type":"page","link":"https:\/\/berndstaats.de\/?page_id=3836","title":{"rendered":"Datenauszug"},"content":{"rendered":"\t\t<div data-elementor-type=\"wp-post\" data-elementor-id=\"3836\" class=\"elementor elementor-3836 elementor-bc-flex-widget\">\n\t\t\t\t\t\t<div class=\"elementor-inner\">\n\t\t\t\t<div class=\"elementor-section-wrap\">\n\t\t\t\t\t\t\t\t\t<section class=\"elementor-section elementor-top-section elementor-element elementor-element-7237ab22 elementor-section-boxed elementor-section-height-default elementor-section-height-default\" data-id=\"7237ab22\" data-element_type=\"section\">\n\t\t\t\t\t\t<div class=\"elementor-container elementor-column-gap-default\">\n\t\t\t\t\t\t\t<div class=\"elementor-row\">\n\t\t\t\t\t<div class=\"elementor-column elementor-col-100 elementor-top-column elementor-element elementor-element-186a72f5\" data-id=\"186a72f5\" data-element_type=\"column\">\n\t\t\t<div class=\"elementor-column-wrap elementor-element-populated\">\n\t\t\t\t\t\t\t<div class=\"elementor-widget-wrap\">\n\t\t\t\t\t\t<div class=\"elementor-element elementor-element-7b2c6b24 elementor-widget elementor-widget-heading\" data-id=\"7b2c6b24\" data-element_type=\"widget\" data-widget_type=\"heading.default\">\n\t\t\t\t<div class=\"elementor-widget-container\">\n\t\t\t<h2 class=\"elementor-heading-title elementor-size-large\">Datenauszug Ihrer evtl. gespeicherten Daten<\/h2>\t\t<\/div>\n\t\t\t\t<\/div>\n\t\t\t\t\t\t<\/div>\n\t\t\t\t\t<\/div>\n\t\t<\/div>\n\t\t\t\t\t\t\t\t<\/div>\n\t\t\t\t\t<\/div>\n\t\t<\/section>\n\t\t\t\t<section class=\"elementor-section elementor-top-section elementor-element elementor-element-40fb7990 elementor-section-boxed elementor-section-height-default elementor-section-height-default\" data-id=\"40fb7990\" data-element_type=\"section\">\n\t\t\t\t\t\t<div class=\"elementor-container elementor-column-gap-default\">\n\t\t\t\t\t\t\t<div class=\"elementor-row\">\n\t\t\t\t\t<div class=\"elementor-column elementor-col-100 elementor-top-column elementor-element elementor-element-26a75125\" data-id=\"26a75125\" data-element_type=\"column\">\n\t\t\t<div class=\"elementor-column-wrap elementor-element-populated\">\n\t\t\t\t\t\t\t<div class=\"elementor-widget-wrap\">\n\t\t\t\t\t\t<div class=\"elementor-element elementor-element-660d772 elementor-widget elementor-widget-text-editor\" data-id=\"660d772\" data-element_type=\"widget\" data-widget_type=\"text-editor.default\">\n\t\t\t\t<div class=\"elementor-widget-container\">\n\t\t\t\t\t\t\t\t<div class=\"elementor-text-editor elementor-clearfix\">\n\t\t\t\t<p>Nach der neuen DSGVO (Datenschutz-Grundverordnung) welche am 25. Mai 2018 in Kraft tritt, sind wir verpflichtet Ihnen die M\u00f6glichkeit zu geben, alle von Ihnen durch diese Website gespeicherten Daten auf Verlangen zur Verf\u00fcgung zu stellen. Daten, welche Ihnen zugeordnet werden k\u00f6nnen sind nur vorhanden, wenn Sie sich auf diesem Blog angemeldet haben oder zu einem Thema einen Kommentar hinterlassen haben.<\/p><p><strong>Bitte beachten Sie, dass wir Ihnen die Daten innerhalb von 1 &#8211; 2 Werktagen zustellen.<\/strong><\/p><p>F\u00fcllen Sie bitte das unten stehende Formular aus.<\/p>\t\t\t\t\t<\/div>\n\t\t\t\t\t\t<\/div>\n\t\t\t\t<\/div>\n\t\t\t\t<div class=\"elementor-element elementor-element-c796133 elementor-widget elementor-widget-spacer\" data-id=\"c796133\" data-element_type=\"widget\" data-widget_type=\"spacer.default\">\n\t\t\t\t<div class=\"elementor-widget-container\">\n\t\t\t\t\t<div class=\"elementor-spacer\">\n\t\t\t<div class=\"elementor-spacer-inner\"><\/div>\n\t\t<\/div>\n\t\t\t\t<\/div>\n\t\t\t\t<\/div>\n\t\t\t\t<div class=\"elementor-element elementor-element-dc0ac94 elementor-widget elementor-widget-text-editor\" data-id=\"dc0ac94\" data-element_type=\"widget\" data-widget_type=\"text-editor.default\">\n\t\t\t\t<div class=\"elementor-widget-container\">\n\t\t\t\t\t\t\t\t<div class=\"elementor-text-editor elementor-clearfix\">\n\t\t\t\t<p>  \r\n            <div class=\"sp-dsgvo sp-sar-form\">\r\n            <form method=\"post\" action=\"https:\/\/berndstaats.de\/wp-admin\/admin-ajax.php?action=subject-access-request\" class=\"sp-dsgvo-framework\">\r\n                <input type=\"hidden\" id=\"_wpnonce\" name=\"_wpnonce\" value=\"e36f8f8a08\" \/><input type=\"hidden\" name=\"_wp_http_referer\" value=\"\/index.php?rest_route=%2Fwp%2Fv2%2Fpages%2F3836\" \/>                <fieldset>\r\n\r\n                \t<div class=\"lwb-row\">\r\n                \t\t<div class=\"lwb-col-3\">\r\n                \t\t\t<label for=\"email-field\">Vorname<\/label>\r\n                \t\t<\/div>\r\n                        <div class=\"lwb-col-6\">\r\n                            <input class=\"w-100\" required type=\"text\" id=\"first-name-field\" name=\"first_name\" value=\"\" placeholder=\"Vorname\" spellcheck=\"false\" \/>\r\n                        <\/div>\r\n                \t<\/div>\r\n\r\n                    <div class=\"lwb-row\">\r\n                        <div class=\"lwb-col-3\">\r\n                            <label for=\"email-field\">Nachname<\/label>\r\n                        <\/div>\r\n                        <div class=\"lwb-col-6\">\r\n                            <input class=\"w-100\" required type=\"text\" id=\"last-name-field\" name=\"last_name\" value=\"\" placeholder=\"Nachname\" spellcheck=\"false\" \/>\r\n                        <\/div>\r\n                    <\/div>\r\n\r\n                   <div class=\"lwb-row\">\r\n\t\t\t\t\t\t<div class=\"lwb-col-3\">\r\n                    \t\t<label for=\"email-field\">Email<\/label>\r\n\t\t\t\t\t\t<\/div>\r\n                        <div class=\"lwb-col-6\">\r\n                            <input class=\"w-100\" required type=\"email\" id=\"email-field\" name=\"email\" value=\"\" placeholder=\"Email\" spellcheck=\"false\" \/>\r\n                        <\/div>\r\n                    <\/div>\r\n                    <div class=\"lwb-row form-row-website-cap\">\r\n                        <div class=\"lwb-col-3\">\r\n                            <label for=\"email-field\">Webseite<\/label>\r\n                        <\/div>\r\n                        <div class=\"lwb-col-6\">\r\n                            <input class=\"w-100\" type=\"text\" id=\"website\" name=\"website\" value=\"\" placeholder=\"\" spellcheck=\"false\" \/>\r\n                        <\/div>\r\n                    <\/div>\r\n\r\n                    <div class=\"lwb-row\">\r\n\t\t\t\t\t\t<div class=\"lwb-col-12\">\r\n                    \t\t<label for=\"dsgvo-checkbox\">\r\n                   \t\t\t \t<input required type=\"checkbox\" id=\"dsgvo-checkbox\" name=\"dsgvo_checkbox\" value=\"1\" \/>\r\n                   \t\t\t \t<span style=\"font-weight:normal\">\r\n                                                                        Ich stimme der Speicherung der Daten zur Verarbeitung im Sinne der DSGVO zu.                                <\/span>\r\n                   \t\t\t <\/label>\r\n\t\t\t\t\t\t<\/div>\r\n                    <\/div>\r\n                    <br>\r\n                    <input type=\"submit\" value=\"Anfrage absenden\" \/>\r\n                <\/fieldset>\r\n            <\/form>\r\n    <\/div>\r\n            <\/p>\t\t\t\t\t<\/div>\n\t\t\t\t\t\t<\/div>\n\t\t\t\t<\/div>\n\t\t\t\t\t\t<\/div>\n\t\t\t\t\t<\/div>\n\t\t<\/div>\n\t\t\t\t\t\t\t\t<\/div>\n\t\t\t\t\t<\/div>\n\t\t<\/section>\n\t\t\t\t\t\t\t\t\t<\/div>\n\t\t\t<\/div>\n\t\t\t\t\t<\/div>\n\t\t","protected":false},"excerpt":{"rendered":"<p>Datenauszug Ihrer evtl. gespeicherten Daten Nach der neuen DSGVO (Datenschutz-Grundverordnung) welche am 25. Mai 2018 in Kraft tritt, sind wir verpflichtet Ihnen die M\u00f6glichkeit zu geben, alle von Ihnen durch diese Website gespeicherten Daten auf Verlangen zur Verf\u00fcgung zu stellen. Daten, welche Ihnen zugeordnet werden k\u00f6nnen sind nur vorhanden, wenn Sie sich auf diesem Blog [&hellip;]<\/p>\n","protected":false},"author":1,"featured_media":0,"parent":0,"menu_order":0,"comment_status":"closed","ping_status":"closed","template":"","meta":{"footnotes":""},"class_list":["post-3836","page","type-page","status-publish","hentry"],"_links":{"self":[{"href":"https:\/\/berndstaats.de\/index.php?rest_route=\/wp\/v2\/pages\/3836","targetHints":{"allow":["GET"]}}],"collection":[{"href":"https:\/\/berndstaats.de\/index.php?rest_route=\/wp\/v2\/pages"}],"about":[{"href":"https:\/\/berndstaats.de\/index.php?rest_route=\/wp\/v2\/types\/page"}],"author":[{"embeddable":true,"href":"https:\/\/berndstaats.de\/index.php?rest_route=\/wp\/v2\/users\/1"}],"replies":[{"embeddable":true,"href":"https:\/\/berndstaats.de\/index.php?rest_route=%2Fwp%2Fv2%2Fcomments&post=3836"}],"version-history":[{"count":5,"href":"https:\/\/berndstaats.de\/index.php?rest_route=\/wp\/v2\/pages\/3836\/revisions"}],"predecessor-version":[{"id":3845,"href":"https:\/\/berndstaats.de\/index.php?rest_route=\/wp\/v2\/pages\/3836\/revisions\/3845"}],"wp:attachment":[{"href":"https:\/\/berndstaats.de\/index.php?rest_route=%2Fwp%2Fv2%2Fmedia&parent=3836"}],"curies":[{"name":"wp","href":"https:\/\/api.w.org\/{rel}","templated":true}]}}