{"id":3846,"date":"2018-05-05T07:30:16","date_gmt":"2018-05-05T07:30:16","guid":{"rendered":"https:\/\/bernsstaats.de\/?page_id=3846"},"modified":"2018-05-05T07:33:24","modified_gmt":"2018-05-05T07:33:24","slug":"lschanfrage","status":"publish","type":"page","link":"https:\/\/berndstaats.de\/?page_id=3846","title":{"rendered":"L&ouml;schanfrage"},"content":{"rendered":"\t\t<div data-elementor-type=\"wp-post\" data-elementor-id=\"3846\" class=\"elementor elementor-3846 elementor-bc-flex-widget\">\n\t\t\t\t\t\t<div class=\"elementor-inner\">\n\t\t\t\t<div class=\"elementor-section-wrap\">\n\t\t\t\t\t\t\t\t\t<section class=\"elementor-section elementor-top-section elementor-element elementor-element-500e4349 elementor-section-boxed elementor-section-height-default elementor-section-height-default\" data-id=\"500e4349\" data-element_type=\"section\">\n\t\t\t\t\t\t<div class=\"elementor-container elementor-column-gap-default\">\n\t\t\t\t\t\t\t<div class=\"elementor-row\">\n\t\t\t\t\t<div class=\"elementor-column elementor-col-100 elementor-top-column elementor-element elementor-element-1141f180\" data-id=\"1141f180\" data-element_type=\"column\">\n\t\t\t<div class=\"elementor-column-wrap elementor-element-populated\">\n\t\t\t\t\t\t\t<div class=\"elementor-widget-wrap\">\n\t\t\t\t\t\t<div class=\"elementor-element elementor-element-7d3e35a6 elementor-widget elementor-widget-heading\" data-id=\"7d3e35a6\" data-element_type=\"widget\" data-widget_type=\"heading.default\">\n\t\t\t\t<div class=\"elementor-widget-container\">\n\t\t\t<h2 class=\"elementor-heading-title elementor-size-large\">L\u00f6schanfrage Ihrer pers\u00f6nlichen Daten<\/h2>\t\t<\/div>\n\t\t\t\t<\/div>\n\t\t\t\t\t\t<\/div>\n\t\t\t\t\t<\/div>\n\t\t<\/div>\n\t\t\t\t\t\t\t\t<\/div>\n\t\t\t\t\t<\/div>\n\t\t<\/section>\n\t\t\t\t<section class=\"elementor-section elementor-top-section elementor-element elementor-element-210c2ff7 elementor-section-boxed elementor-section-height-default elementor-section-height-default\" data-id=\"210c2ff7\" data-element_type=\"section\">\n\t\t\t\t\t\t<div class=\"elementor-container elementor-column-gap-default\">\n\t\t\t\t\t\t\t<div class=\"elementor-row\">\n\t\t\t\t\t<div class=\"elementor-column elementor-col-100 elementor-top-column elementor-element elementor-element-c19acfd\" data-id=\"c19acfd\" data-element_type=\"column\">\n\t\t\t<div class=\"elementor-column-wrap elementor-element-populated\">\n\t\t\t\t\t\t\t<div class=\"elementor-widget-wrap\">\n\t\t\t\t\t\t<div class=\"elementor-element elementor-element-665ff437 elementor-widget elementor-widget-text-editor\" data-id=\"665ff437\" data-element_type=\"widget\" data-widget_type=\"text-editor.default\">\n\t\t\t\t<div class=\"elementor-widget-container\">\n\t\t\t\t\t\t\t\t<div class=\"elementor-text-editor elementor-clearfix\">\n\t\t\t\t<p>Sollten wir pers\u00f6nliche Daten von Ihnen gespeichert haben, so k\u00f6nnen Sie hier deren L\u00f6schung beantragen.<\/p><p>\u00a0<\/p><p>  \r\n                <div class=\"sp-dsgvo sp-unsubsribe-form\">\r\n            <form method=\"post\" action=\"https:\/\/berndstaats.de\/wp-admin\/admin-ajax.php?action=super-unsubscribe\" >\r\n                <input type=\"hidden\" id=\"_wpnonce\" name=\"_wpnonce\" value=\"ea23686018\" \/><input type=\"hidden\" name=\"_wp_http_referer\" value=\"\/index.php?rest_route=%2Fwp%2Fv2%2Fpages%2F3846\" \/>                <fieldset>\r\n                    <div class=\"lwb-row\">\r\n                        <div class=\"lwb-col-3\">\r\n                            <label style=\"min-width:100px;\" for=\"email-field\">Vorname<\/label>\r\n                        <\/div>\r\n                        <div class=\"lwb-col-6\">\r\n                            <input class=\"w-100\" required type=\"text\" id=\"first-name-field\" name=\"first_name\" value=\"\" placeholder=\"Vorname\" spellcheck=\"false\" \/>\r\n                        <\/div>\r\n\r\n\r\n                    <\/div>\r\n                    <div class=\"lwb-row\">\r\n                        <div class=\"lwb-col-3\">\r\n                            <label for=\"email-field\">Nachname<\/label>\r\n                        <\/div>\r\n                        <div class=\"lwb-col-6\">\r\n                            <input class=\"w-100\" required type=\"text\" id=\"last-name-field\" name=\"last_name\" value=\"\" placeholder=\"Nachname\" spellcheck=\"false\" \/>\r\n                        <\/div>\r\n                    <\/div>\r\n\r\n\t\t\t\t\t<div class=\"lwb-row\">\r\n                        <div class=\"lwb-col-3\">\r\n                            <label for=\"email-field\">Email<\/label>\r\n                        <\/div>\r\n\t\t\t\t\t\t<div class=\"lwb-col-6\">\r\n                   \t\t\t <input class=\"w-100\" required type=\"email\" id=\"email-field\" name=\"email\" value=\"\" placeholder=\"Email\" spellcheck=\"false\" \/>\r\n\t\t\t\t\t\t<\/div>\r\n                    <\/div>\r\n                    <div class=\"lwb-row form-row-website-cap\">\r\n                        <div class=\"lwb-col-3\">\r\n                            <label for=\"email-field\">Webseite<\/label>\r\n                        <\/div>\r\n                        <div class=\"lwb-col-6\">\r\n                            <input class=\"w-100\" type=\"text\" id=\"website\" name=\"website\" value=\"\" placeholder=\"\" spellcheck=\"false\" \/>\r\n                        <\/div>\r\n                    <\/div>\r\n                    <div class=\"lwb-row\">\r\n\t\t\t\t\t\t<div class=\"lwb-col\">\r\n                    \t\t<label for=\"dsgvo-checkbox\">\r\n                   \t\t\t \t<input required type=\"checkbox\" id=\"dsgvo-checkbox\" name=\"dsgvo_checkbox\" value=\"1\" \/>\r\n                                                   \t\t\t \t<span style=\"font-weight:normal\">Ich stimme der Speicherung der Daten zur Verarbeitung im Sinne der DSGVO zu.<\/span>\r\n                   \t\t\t <\/label>\r\n\t\t\t\t\t\t<\/div>\r\n                    <\/div>\r\n                    <br>\r\n                    <input type=\"submit\" value=\"L\u00f6schanfrage senden\" \/>\r\n                <\/fieldset>\r\n            <\/form>\r\n        <\/div>\r\n            <\/p>\t\t\t\t\t<\/div>\n\t\t\t\t\t\t<\/div>\n\t\t\t\t<\/div>\n\t\t\t\t\t\t<\/div>\n\t\t\t\t\t<\/div>\n\t\t<\/div>\n\t\t\t\t\t\t\t\t<\/div>\n\t\t\t\t\t<\/div>\n\t\t<\/section>\n\t\t\t\t\t\t\t\t\t<\/div>\n\t\t\t<\/div>\n\t\t\t\t\t<\/div>\n\t\t","protected":false},"excerpt":{"rendered":"<p>L\u00f6schanfrage Ihrer pers\u00f6nlichen Daten Sollten wir pers\u00f6nliche Daten von Ihnen gespeichert haben, so k\u00f6nnen Sie hier deren L\u00f6schung beantragen. \u00a0<\/p>\n","protected":false},"author":1,"featured_media":0,"parent":0,"menu_order":0,"comment_status":"closed","ping_status":"closed","template":"","meta":{"footnotes":""},"class_list":["post-3846","page","type-page","status-publish","hentry"],"_links":{"self":[{"href":"https:\/\/berndstaats.de\/index.php?rest_route=\/wp\/v2\/pages\/3846","targetHints":{"allow":["GET"]}}],"collection":[{"href":"https:\/\/berndstaats.de\/index.php?rest_route=\/wp\/v2\/pages"}],"about":[{"href":"https:\/\/berndstaats.de\/index.php?rest_route=\/wp\/v2\/types\/page"}],"author":[{"embeddable":true,"href":"https:\/\/berndstaats.de\/index.php?rest_route=\/wp\/v2\/users\/1"}],"replies":[{"embeddable":true,"href":"https:\/\/berndstaats.de\/index.php?rest_route=%2Fwp%2Fv2%2Fcomments&post=3846"}],"version-history":[{"count":3,"href":"https:\/\/berndstaats.de\/index.php?rest_route=\/wp\/v2\/pages\/3846\/revisions"}],"predecessor-version":[{"id":3850,"href":"https:\/\/berndstaats.de\/index.php?rest_route=\/wp\/v2\/pages\/3846\/revisions\/3850"}],"wp:attachment":[{"href":"https:\/\/berndstaats.de\/index.php?rest_route=%2Fwp%2Fv2%2Fmedia&parent=3846"}],"curies":[{"name":"wp","href":"https:\/\/api.w.org\/{rel}","templated":true}]}}